{"id":45,"date":"2019-11-13T12:34:04","date_gmt":"2019-11-13T12:34:04","guid":{"rendered":"http:\/\/nouvellefleur.ch\/wordpress\/?page_id=45"},"modified":"2019-11-20T14:43:41","modified_gmt":"2019-11-20T14:43:41","slug":"portrait-2","status":"publish","type":"page","link":"https:\/\/nouvellefleur.ch\/index.php\/portrait-2\/","title":{"rendered":"Portrait"},"content":{"rendered":"\n<p>Nouvelle Fleur wurde 1988 gegr\u00fcndet. Wir setzen seither auf Qualit\u00e4t &amp; Kundenzufriedenheit. Seit Mai 2003 befindet sich unser Blumengesch\u00e4ft im Dorfkern von Watt bei Regensdorf. Wir geniessen den l\u00e4ndlichen Charakter mit der M\u00f6glichkeit Kundenn\u00e4he intensiver zu pflegen, uns im Dorfbild einbringen zu k\u00f6nnen und regen Austausch mit unseren Kunden f\u00fchren zu d\u00fcrfen.<\/p>\n\n\n\n<figure class=\"wp-block-image size-large\"><img loading=\"lazy\" decoding=\"async\" width=\"1024\" height=\"768\" src=\"http:\/\/nouvellefleur.ch\/wordpress\/wp-content\/uploads\/2019\/11\/PICT0646-1024x768.jpg\" alt=\"\" class=\"wp-image-183\" srcset=\"https:\/\/nouvellefleur.ch\/wordpress\/wp-content\/uploads\/2019\/11\/PICT0646-1024x768.jpg 1024w, https:\/\/nouvellefleur.ch\/wordpress\/wp-content\/uploads\/2019\/11\/PICT0646-300x225.jpg 300w, https:\/\/nouvellefleur.ch\/wordpress\/wp-content\/uploads\/2019\/11\/PICT0646-768x576.jpg 768w, https:\/\/nouvellefleur.ch\/wordpress\/wp-content\/uploads\/2019\/11\/PICT0646-1536x1152.jpg 1536w, https:\/\/nouvellefleur.ch\/wordpress\/wp-content\/uploads\/2019\/11\/PICT0646-2048x1536.jpg 2048w, https:\/\/nouvellefleur.ch\/wordpress\/wp-content\/uploads\/2019\/11\/PICT0646-1600x1200.jpg 1600w\" sizes=\"auto, (max-width: 1024px) 100vw, 1024px\" \/><\/figure>\n\n\n\n<p><\/p>\n","protected":false},"excerpt":{"rendered":"<p>Nouvelle Fleur wurde 1988 gegr\u00fcndet. Wir setzen seither auf Qualit\u00e4t &amp; Kundenzufriedenheit. Seit Mai 2003 befindet sich unser Blumengesch\u00e4ft im&hellip;<\/p>\n","protected":false},"author":1,"featured_media":0,"parent":0,"menu_order":0,"comment_status":"closed","ping_status":"closed","template":"","meta":{"ngg_post_thumbnail":0,"footnotes":""},"class_list":["post-45","page","type-page","status-publish","hentry"],"_links":{"self":[{"href":"https:\/\/nouvellefleur.ch\/index.php\/wp-json\/wp\/v2\/pages\/45","targetHints":{"allow":["GET"]}}],"collection":[{"href":"https:\/\/nouvellefleur.ch\/index.php\/wp-json\/wp\/v2\/pages"}],"about":[{"href":"https:\/\/nouvellefleur.ch\/index.php\/wp-json\/wp\/v2\/types\/page"}],"author":[{"embeddable":true,"href":"https:\/\/nouvellefleur.ch\/index.php\/wp-json\/wp\/v2\/users\/1"}],"replies":[{"embeddable":true,"href":"https:\/\/nouvellefleur.ch\/index.php\/wp-json\/wp\/v2\/comments?post=45"}],"version-history":[{"count":4,"href":"https:\/\/nouvellefleur.ch\/index.php\/wp-json\/wp\/v2\/pages\/45\/revisions"}],"predecessor-version":[{"id":186,"href":"https:\/\/nouvellefleur.ch\/index.php\/wp-json\/wp\/v2\/pages\/45\/revisions\/186"}],"wp:attachment":[{"href":"https:\/\/nouvellefleur.ch\/index.php\/wp-json\/wp\/v2\/media?parent=45"}],"curies":[{"name":"wp","href":"https:\/\/api.w.org\/{rel}","templated":true}]}}