{"id":3,"date":"2019-11-13T09:22:46","date_gmt":"2019-11-13T09:22:46","guid":{"rendered":"http:\/\/nouvellefleur.ch\/wordpress\/?page_id=3"},"modified":"2023-12-20T09:09:47","modified_gmt":"2023-12-20T09:09:47","slug":"privacy-policy","status":"publish","type":"page","link":"https:\/\/nouvellefleur.ch\/index.php\/privacy-policy\/","title":{"rendered":"Datenschutzerkl\u00e4rung Nouvellefleur"},"content":{"rendered":"\n<h2 class=\"wp-block-heading\">Version vom 15.12.2023<\/h2>\n\n\n\n<p>\nIn\ndieser Datenschutzerkl\u00e4rung erl\u00e4utern wir, Nouvellefleur, wie wir\nPersonendaten erheben und sonst bearbeiten. Dies ist keine\nabschliessende Beschreibung; allenfalls regeln andere\nDatenschtzerkl\u00e4rungen spezifische Sachverhalte. Unter Personendaten\nwerden alle Angaben verstanden, die sich auf eine bestimmte oder\nbestimmte Personen beziehen.<\/p>\n\n\n\n<p>\nWenn\nSie uns Personendaten anderer Personen (z.B. Familienmitglieder,\nDaten von Arbeitskollegen) zur Verf\u00fcgung stellen, stellen Sie bitte\nsicher, dass diese Personen die vorliegende Datenschutzerkl\u00e4rung\nkennen und teilen Sie uns deren Personendaten nur mit, wenn Sie dies\nd\u00fcrfen<br>\nund wenn diese Personendaten korrekt sind.<\/p>\n\n\n\n<p> Diese Datenschutzerkl\u00e4rung ist auf die Anforderungen der EU-Datenschutz-Grundverordnung (\u00abDSGVO\u00bb), das Schweizer Datenschutzgesetz \u00abDSG\u00bb) und das revidierte Schweizer Datenschutzgesetz (\u00abrevDSG\u00bb) ausgelegt. Ob und inwieweit diese Gesetze anwendbar sind, h\u00e4ngt jedoch vom Einzelfall ab.<\/p>\n\n\n\n<h2 class=\"wp-block-heading\"> 1. Verantwortlicher Datenschutzbeauftrager<\/h2>\n\n\n\n<p>Verantwortlich f\u00fcr die Datenbearbeitungen auf dieser Website und Ansprechpartner f\u00fcr Datenschutzanliegen ist:<\/p>\n\n\n\n<p>Nouvelle Fleur<br>Martin Gilg<br>Dorfstrasse 140<br>8105 Watt<\/p>\n\n\n\n<h2 class=\"wp-block-heading\"> 2. Erhebung und Bearbeitung von Personendaten<\/h2>\n\n\n\n<p>Wir bearbeiten in erster Linie die Personendaten, die wir im Rahmen unserer Gesch\u00e4ftsbeziehung mit unseren Kunden und anderen Gesch\u00e4ftspartnern von diesen und weiteren daran beteiligten Personen erhalten oder die wir beim Betrieb unserer Websites, Apps und weiteren Anwendungen von deren Nutzern erheben.<\/p>\n\n\n\n<p>Unsere Website wird durch die Firma Witweb gehostet, vom Hosting-Provider werden folgende Daten erhoben:<\/p>\n\n\n\n<ul class=\"wp-block-list\"><li>\n\n\tIP-Adresse\n\tdes anfragenden Rechners;\n\t<\/li><li>\n\n\tDatum\n\tund Uhrzeit des Zugriffs;\n\t<\/li><li>\n\n\tName\n\tund URL der abgerufenen Datei;\n\t<\/li><li>\n\n\tWebsite,\n\tvon der aus der Zugriff erfolgt (Referrer-URL);\n\t<\/li><li>\n\n\tverwendeter\n\tBrowser und ggf. das Betriebssystem deines Rechners sowie der Name\n\tdeines Access-Providers.\n<\/li><\/ul>\n\n\n\n<p>Eine\nabschliessende Liste ist der Datenschutzvereinbarung von Hosttech zu\nentnehmen: https:\/\/witweb.ch\/privacy-policy-2\/<\/p>\n\n\n\n<h2 class=\"wp-block-heading\"> 3. Cookies<\/h2>\n\n\n\n<p>Wir setzen auf unseren Websites typischerweise \u00abCookies\u00bb und vergleichbare Techniken ein, mit denen Ihr Browser oder Ihr Ger\u00e4t identifiziert werden kann. Ein Cookie ist eine kleine Datei, die an Ihren Computer gesendet bzw. vom verwendeten Webbrowser automatisch auf Ihrem Computer oder mobilen Ger\u00e4t gespeichert wird, wenn Sie unsere Website besuchen. Wenn Sie diese Website erneut aufrufen, k\u00f6nnen wir Sie so wiedererkennen, selbst wenn wir nicht wissen, wer Sie sind. Neben Cookies, die lediglich w\u00e4hrend einer Sitzung benutzt und nach Ihrem Website-Besuch gel\u00f6scht werden (\u00abSession Cookies\u00bb), k\u00f6nnen Cookies auch benutzt werden, um Nutzereinstellungen und andere Informationen \u00fcber eine bestimmte Zeit (z.B. zwei Jahre) zu speichern (\u00abpermanente Cookies\u00bb). Sie k\u00f6nnen Ihren Browser jedoch so einstellen, dass er Cookies zur\u00fcckweist, nur f\u00fcr eine Sitzung speichert oder sonst vorzeitig l\u00f6scht. Die meisten Browser sind so voreingestellt, dass Sie Cookies akzeptieren.<br>Wir nutzen keine permanente Cookies. Wenn Sie Cookies sperren, kann es sein, dass gewisse Funktionalit\u00e4ten nicht mehr funktionieren.<\/p>\n\n\n\n<h2 class=\"wp-block-heading\"> 4. Dauer der Aufbewahrung von Personendaten<\/h2>\n\n\n\n<p>Wir verarbeiten und speichern Ihre Personendaten, solange es f\u00fcr die Erf\u00fcllung unserer vertraglichen und gesetzlichen Pflichten oder sonst die mit der Bearbeitung verfolgten Zwecke erforderlich ist, d.h. also zum Beispiel f\u00fcr die Dauer der gesamten Gesch\u00e4ftsbeziehung (von der Anbahnung, Abwicklung bis zur Beendigung eines Vertrags) sowie dar\u00fcber hinaus gem\u00e4ss den gesetzlichen Aufbewahrungs- und Dokumentationspflichten. Dabei ist es m\u00f6glich, dass Personendaten f\u00fcr die Zeit aufbewahrt werden, in der Anspr\u00fcche gegen unser Unternehmen geltend gemacht werden k\u00f6nnen und soweit wir anderweitig gesetzlich dazu verpflichtet sind oder berechtigte Gesch\u00e4ftsinteressen dies erfordern (z.B. f\u00fcr Beweis- und Dokumentationszwecke). Sobald Ihre Personendaten f\u00fcr die oben genannten Zwecke nicht mehr erforderlich sind, werden sie grunds\u00e4tzlich und soweit m\u00f6glich gel\u00f6scht oder anonymisiert. F\u00fcr betriebliche Daten (z.B. Systemprotokolle, Logs), gelten grunds\u00e4tzliche k\u00fcrzere Aufbewahrungsfristen von zw\u00f6lf Monaten oder weniger.<\/p>\n\n\n\n<h2 class=\"wp-block-heading\"> 5. Pflicht zur Bereitstellung von Personendaten<\/h2>\n\n\n\n<p>Im Rahmen unserer Gesch\u00e4ftsbeziehung m\u00fcssen Sie diejenigen Personendaten bereitstellen, die f\u00fcr die Aufnahme und Durchf\u00fchrung einer Gesch\u00e4ftsbeziehung und der Erf\u00fcllung der damit verbundenen vertraglichen Pflichten erforderlich sind (eine gesetzliche Pflicht, uns Daten bereitzustellen, haben Sie in der Regel nicht). Ohne diese Daten werden wir in der Regel nicht in der Lage sein, einen Vertrag mit Ihnen (oder der Stelle oder Person, die Sie vertreten) zu schliessen oder diesen abzuwickeln. Auch die Website kann nicht genutzt werden, wenn gewisse Angaben zur Sicherstellung des Datenverkehrs (wie z.B. IP-Adresse) nicht offengelegt wird.<\/p>\n\n\n\n<h2 class=\"wp-block-heading\"> 6. Rechte der betroffenen Person<\/h2>\n\n\n\n<p>Sie haben im Rahmen des auf Sie anwendbaren Datenschutzrechts und soweit darin vorgesehen (wie etwa im Falle der DSGVO) das Recht auf Auskunft, Berichtigung, L\u00f6schung, das Recht auf Einschr\u00e4nkung der Datenbearbeitung und sonst dem Widerspruch gegen unsere Datenbearbeitungen. Bitte beachten Sie aber, dass wir uns vorbehalten, unsererseits die gesetzlich vorgesehenen Einschr\u00e4nkungen geltend zu machen, etwa wenn wir zur Aufbewahrung oder Bearbeitung gewisser Daten verpflichtet sind, daran ein \u00fcberwiegendes Interesse haben (soweit wir uns darauf berufen d\u00fcrfen) oder sie f\u00fcr die Geltendmachung von Anspr\u00fcchen ben\u00f6tigen.<\/p>\n\n\n\n<p>Die Aus\u00fcbung solcher Rechte setzt in der Regel voraus, dass Sie Ihre Identit\u00e4t eindeutig nachweisen (z.B. durch eine Ausweiskopie, wo Ihre Identit\u00e4t sonst nicht klar ist bzw. verifiziert werden kann). Zur Geltendmachung Ihrer Rechte k\u00f6nnen Sie uns unter der in Ziffer 1 angegebenen Adresse kontaktieren. Jede betroffene Person hat \u00fcberdies das Recht, ihre Anspr\u00fcche gerichtlich durchzusetzen oder bei der zust\u00e4ndigen Datenschutzbeh\u00f6rde eine Beschwerde einzureichen. Die zust\u00e4ndige Datenschutzbeh\u00f6rde der Schweiz ist der Eidgen\u00f6ssische Datenschutz- und \u00d6ffentlichkeitsbeauftragte (http:\/\/www.edoeb.admin.ch).<\/p>\n\n\n\n<h2 class=\"wp-block-heading\"> 7. \u00c4nderungen<\/h2>\n\n\n\n<p>Wir k\u00f6nnen diese Datenschutzerkl\u00e4rung jederzeit ohne Vorank\u00fcndigung anpassen. Es gilt die jeweils aktuelle, auf unserer Website publizierte Fassung.<\/p>\n","protected":false},"excerpt":{"rendered":"<p>Version vom 15.12.2023 In dieser Datenschutzerkl\u00e4rung erl\u00e4utern wir, Nouvellefleur, wie wir Personendaten erheben und sonst bearbeiten. Dies ist keine abschliessende&hellip;<\/p>\n","protected":false},"author":1,"featured_media":0,"parent":0,"menu_order":0,"comment_status":"closed","ping_status":"open","template":"","meta":{"ngg_post_thumbnail":0,"footnotes":""},"class_list":["post-3","page","type-page","status-publish","hentry"],"_links":{"self":[{"href":"https:\/\/nouvellefleur.ch\/index.php\/wp-json\/wp\/v2\/pages\/3","targetHints":{"allow":["GET"]}}],"collection":[{"href":"https:\/\/nouvellefleur.ch\/index.php\/wp-json\/wp\/v2\/pages"}],"about":[{"href":"https:\/\/nouvellefleur.ch\/index.php\/wp-json\/wp\/v2\/types\/page"}],"author":[{"embeddable":true,"href":"https:\/\/nouvellefleur.ch\/index.php\/wp-json\/wp\/v2\/users\/1"}],"replies":[{"embeddable":true,"href":"https:\/\/nouvellefleur.ch\/index.php\/wp-json\/wp\/v2\/comments?post=3"}],"version-history":[{"count":2,"href":"https:\/\/nouvellefleur.ch\/index.php\/wp-json\/wp\/v2\/pages\/3\/revisions"}],"predecessor-version":[{"id":189,"href":"https:\/\/nouvellefleur.ch\/index.php\/wp-json\/wp\/v2\/pages\/3\/revisions\/189"}],"wp:attachment":[{"href":"https:\/\/nouvellefleur.ch\/index.php\/wp-json\/wp\/v2\/media?parent=3"}],"curies":[{"name":"wp","href":"https:\/\/api.w.org\/{rel}","templated":true}]}}