{"id":146,"date":"2019-11-13T14:32:18","date_gmt":"2019-11-13T14:32:18","guid":{"rendered":"http:\/\/nouvellefleur.ch\/wordpress\/?page_id=146"},"modified":"2019-11-20T14:42:34","modified_gmt":"2019-11-20T14:42:34","slug":"geschaeftsbedingungen","status":"publish","type":"page","link":"https:\/\/nouvellefleur.ch\/index.php\/geschaeftsbedingungen\/","title":{"rendered":"Gesch\u00e4ftsbedingungen"},"content":{"rendered":"\n<h4 class=\"wp-block-heading\">Bestellungen<\/h4>\n\n\n\n<p>Alle Bestellungen sind grunds\u00e4tzlich verbindlich.  Bei Lieferhindernissen werden Sie schnellstm\u00f6glich via Telefon  informiert. Wir sind von Montag bis Samstag f\u00fcr Sie da, siehe \u00d6ffnungszeiten.<\/p>\n\n\n\n<h4 class=\"wp-block-heading\">Preisangaben<\/h4>\n\n\n\n<p>Der von Ihnen definierte Preis versteht sich \ninklusive einer neutralen Karte und der gesetzlich vorgeschriebene MwSt,\n jedoch ohne Lieferkosten. \n<\/p>\n\n\n\n<h4 class=\"wp-block-heading\">Lieferungen Einzugsgebiet \/ per Lieferdienst<\/h4>\n\n\n\n<p>&#8211; Bestellung bis 14.00 h, Lieferung am gleichen Tag bis 17.30 h (samstags nur bis 16.00 h) \n<\/p>\n\n\n\n<p><strong>Zustellung Mo-Sa<\/strong><br><strong>Ort Kosten<\/strong><br>Watt 06.00 CHF<br>Regensdorf 07.00 CHF<br>Adlikon 08.00 CHF<br>Buchs \/ D\u00e4llikon 12.00 CHF<br>Nieder- und Oberhasli \/ Nassenwil 13.00 CHF<br>Z\u00fcrich Affoltern und H\u00f6ngg 15.00 CHF<br>D\u00e4nikon \/ Otelfingen 16.00 CHF<br>Dielsdorf \/ H\u00fcttikon \/ Weiningen \/ Z\u00fcrich Seebach 18.00 CHF<br>Z\u00fcrich auf Anfrage<br> <\/p>\n\n\n\n<h4 class=\"wp-block-heading\">Zahlungsbedingungen<\/h4>\n\n\n\n<p>Die Rechnung ist innert 10 Tagen \nzahlbar. Bei Bestellungen unter 30.00 CHF erlauben wir uns, einen \nKleinfakturenzuschlag von 5.00 CHF zu verrechnen. \n<\/p>\n\n\n\n<h4 class=\"wp-block-heading\">Gerichtsstand<\/h4>\n\n\n\n<p>Gerichtsstand ist Dielsdorf <\/p>\n","protected":false},"excerpt":{"rendered":"<p>Bestellungen Alle Bestellungen sind grunds\u00e4tzlich verbindlich. Bei Lieferhindernissen werden Sie schnellstm\u00f6glich via Telefon informiert. Wir sind von Montag bis Samstag&hellip;<\/p>\n","protected":false},"author":1,"featured_media":0,"parent":0,"menu_order":0,"comment_status":"closed","ping_status":"closed","template":"","meta":{"ngg_post_thumbnail":0,"footnotes":""},"class_list":["post-146","page","type-page","status-publish","hentry"],"_links":{"self":[{"href":"https:\/\/nouvellefleur.ch\/index.php\/wp-json\/wp\/v2\/pages\/146","targetHints":{"allow":["GET"]}}],"collection":[{"href":"https:\/\/nouvellefleur.ch\/index.php\/wp-json\/wp\/v2\/pages"}],"about":[{"href":"https:\/\/nouvellefleur.ch\/index.php\/wp-json\/wp\/v2\/types\/page"}],"author":[{"embeddable":true,"href":"https:\/\/nouvellefleur.ch\/index.php\/wp-json\/wp\/v2\/users\/1"}],"replies":[{"embeddable":true,"href":"https:\/\/nouvellefleur.ch\/index.php\/wp-json\/wp\/v2\/comments?post=146"}],"version-history":[{"count":5,"href":"https:\/\/nouvellefleur.ch\/index.php\/wp-json\/wp\/v2\/pages\/146\/revisions"}],"predecessor-version":[{"id":185,"href":"https:\/\/nouvellefleur.ch\/index.php\/wp-json\/wp\/v2\/pages\/146\/revisions\/185"}],"wp:attachment":[{"href":"https:\/\/nouvellefleur.ch\/index.php\/wp-json\/wp\/v2\/media?parent=146"}],"curies":[{"name":"wp","href":"https:\/\/api.w.org\/{rel}","templated":true}]}}